{"id":533,"date":"2025-12-04T03:41:27","date_gmt":"2025-12-04T03:41:27","guid":{"rendered":"https:\/\/vpps1.dion.com.vn\/?post_type=product&#038;p=533"},"modified":"2025-12-04T03:43:04","modified_gmt":"2025-12-04T03:43:04","slug":"giay-idea-a4-80","status":"publish","type":"product","link":"https:\/\/vpps1.dion.com.vn\/en\/sanpham\/giay-idea-a4-80\/","title":{"rendered":"Gi\u1ea5y Idea A4 80"},"content":{"rendered":"<p>- K\u00edch th\u01b0\u1edbc: kh\u1ed5 A4<br \/>\n&#8211;\u00a0\u0110\u1eb7c \u0111i\u1ec3m: l\u00e0 s\u1ea3n ph\u1ea9m \u0111\u01b0\u1ee3c l\u00e0m b\u1eb1ng nh\u1ef1a m\u1ec1m g\u1ed3m 12 m\u00e0u ri\u00eang bi\u1ec7t, t\u01b0\u01a1ng \u1ee9ng v\u1edbi 12 s\u1ed1, b\u00ean m\u00e9p tr\u00e1i c\u00f3 \u0111\u1ee5c nhi\u1ec1u l\u1ed7 \u0111\u1ec3 c\u00e0i ch\u1ee9ng t\u1eeb theo c\u00e1c m\u00e0u 1 c\u00e1ch d\u1ebf d\u00e0ng, b\u00ean m\u00e9p ph\u1ea3i g\u1ed3m 12 m\u00e0u s\u1eafc \u0111\u1ec3 ph\u00e2n bi\u1ec7t c\u00e1c lo\u1ea1i ch\u1ee9ng t\u1eeb kh\u00e1c nhau khi g\u1eafn v\u00e0o b\u00eca c\u00f2ng, b\u00eca accor nh\u1ef1a,&#8230;.<br \/>\n&#8211; Ch\u1ea5t l\u01b0\u1ee3ng: m\u1eabu m\u00e3 \u0111\u1eb9p, ch\u1ea5t li\u1ec7u nh\u1ef1a t\u1ed1t.<br \/>\n&#8211; Quy c\u00e1ch: 10 b\u1ed9\/x\u1ea5p.<br \/>\nB\u00eca ph\u00e2n trang x\u1ebfp v\u00e0o trong m\u1ee5c c\u00e1c\u00a0<a href=\"https:\/\/www.anlocviet.vn\/file-ho-so\" target=\"_blank\" rel=\"noopener\" data-fpl-component=\"primitive\">File t\u00e0i li\u1ec7u<\/a>, tuy nhi\u00ean m\u1ee5c \u0111\u00edch c\u1ee7a s\u1ea3n ph\u1ea9m n\u00e0y kh\u00f4ng ph\u1ea3i \u0111\u1ec3 l\u01b0u tr\u1eef m\u00e0 \u0111\u1ec3 ph\u00e2n bi\u1ec7t gi\u1eefa c\u00e1c file gi\u1ea5y t\u1edd khi \u0111\u01b0\u1ee3c l\u01b0u tr\u1eef b\u1eb1ng c\u00e1c lo\u1ea1i b\u00eca c\u00f2ng, b\u00eca c\u00f2ng nh\u1eabn&#8230;Gi\u00fap cho vi\u1ec7c x\u00e1c \u0111\u1ecbnh v\u1ecb tr\u00ed c\u1ee7a gi\u1ea5y t\u1edd, t\u00e0i li\u1ec7u \u0111\u01b0\u1ee3c d\u1ec5 d\u00e0ng h\u01a1n trong x\u1ea5p gi\u1ea5y t\u1edd \u0111\u01b0\u1ee3c l\u01b0u tr\u1eef.<\/p>\n<p>\u0110\u1eb7c \u0111i\u1ec3m:<\/p>\n<p>L\u00e0 s\u1ea3n ph\u1ea9m \u0111\u01b0\u1ee3c l\u00e0m b\u1eb1ng nh\u1ef1a m\u1ec1m, g\u1ed3m c\u00f3 12 b\u00eca c\u00f3 12 m\u00e0u kh\u00e1c nhau.<\/p>\n<p>K\u00edch th\u01b0\u1edbc b\u00eca kh\u1ed5 A4, ph\u00f9 h\u1ee3p v\u1edbi c\u00e1c File h\u1ed3 s\u01a1 c\u00f9ng k\u00edch th\u01b0\u1edbc kh\u1ed5 A4<\/p>\n<p>B\u00ean m\u00e9p tr\u00e1i c\u00f3 1 h\u00e0ng l\u1ed7, m\u1ee5c \u0111\u00edch \u0111\u1ec3 d\u00f9ng \u0111\u1ec3 s\u1ecf v\u00e0o c\u00f2ng s\u1eaft c\u1ee7a c\u00e1c b\u00eca c\u00f2ng, b\u00eca accor, b\u00eca c\u00f2ng nh\u1eabn&#8230;.<\/p>\n<p>B\u00ean m\u00e9p ph\u1ea3i g\u1ed3m 12 m\u00e0u s\u1eafc c\u00f3 \u0111\u00e1nh s\u1ed1 th\u1ee9 t\u1ef1 t\u1eeb 1 \u0111\u1ebfn 12 \u0111\u1ec3 ph\u00e2n bi\u1ec7t c\u00e1c lo\u1ea1i ch\u1ee9ng t\u1eeb kh\u00e1c nhau theo t\u1eebng m\u00e0u s\u1eafc ri\u00eang bi\u1ec7t. Khi c\u1ea7n t\u00ecm gi\u1ea5y t\u1edd, t\u00e0i li\u1ec7u c\u1ee7a ph\u1ea7n n\u00e0o, ch\u1ec9 c\u1ea7n t\u00ecm \u0111\u00fang m\u00e0u s\u1eafc c\u1ee7a ph\u1ea7n \u0111\u00f3.<\/p>\n<p>Ch\u1ea5t l\u01b0\u1ee3ng:\u00a0m\u1eabu m\u00e3 \u0111\u1eb9p, ch\u1ea5t li\u1ec7u nh\u1ef1a t\u1ed1t<\/p>\n<p>B\u1ea3o qu\u1ea3n:\u00a0Nhi\u1ec7t \u0111\u1ed9: 10 ~ 55\u00ba C,\u00a0\u0110\u1ed9 \u1ea9m: 55 ~ 95% RH,\u00a0Tr\u00e1nh xa ngu\u1ed3n nhi\u1ec7t, d\u1ea7u m\u1ee1.<\/p>\n<p>=&gt; S\u1ea3n ph\u1ea9m n\u00e0y \u0111\u01b0\u1ee3c ti\u00eau d\u00f9ng v\u1edbi s\u1ed1 l\u01b0\u1ee3ng nhi\u1ec1u trong s\u1ed1 c\u00e1c lo\u1ea1i v\u0103n ph\u00f2ng ph\u1ea9m t\u1ea1i<a href=\"https:\/\/www.anlocviet.vn\/\" target=\"_blank\" rel=\"noopener\" data-fpl-component=\"primitive\">\u00a0An L\u1ed9c Vi\u1ec7t<\/a>. Ch\u00fang ta h\u00e3y ngh\u0129 r\u1eb1ng, v\u1edbi l\u01b0\u1ee3ng gi\u1ea5y t\u1edd \u00edt ch\u1ec9 c\u1ea7n s\u1eed d\u1ee5ng b\u00eca l\u00e1 ho\u1eb7c b\u00eca l\u1ed7 \u0111\u1ec3 l\u01b0u tr\u1eef nh\u01b0ng quy m\u00f4 c\u00f4ng vi\u1ec7c ph\u00e1t tri\u1ec3n, xu\u1ea5t hi\u1ec7n nhi\u1ec1u gi\u1ea5y t\u1edd h\u01a1n th\u00ec d\u00f9ng file h\u1ed3 s\u01a1 nh\u01b0 b\u00eca c\u00f2ng, b\u00eca accor m\u1edbi th\u00edch h\u1ee3p. C\u00e1c lo\u1ea1i file h\u1ed3 s\u01a1 n\u00e0y th\u01b0\u1eddng xuy\u00ean l\u01b0u 1 l\u01b0\u1ee3ng gi\u1ea5y t\u1edd l\u1edbn mu\u1ed1n ki\u1ebfm t\u00e0i li\u1ec7u t\u01b0\u01a1ng \u0111\u1ed1i kh\u00f3 kh\u0103n, b\u00eca ph\u00e2n trang nh\u1ef1a 12 m\u00e0u<\/p>","protected":false},"excerpt":{"rendered":"<p>&#8211; K\u00edch th\u01b0\u1edbc: kh\u1ed5 A4 &#8211;\u00a0\u0110\u1eb7c \u0111i\u1ec3m: l\u00e0 s\u1ea3n ph\u1ea9m \u0111\u01b0\u1ee3c l\u00e0m b\u1eb1ng nh\u1ef1a m\u1ec1m g\u1ed3m 12 m\u00e0u ri\u00eang bi\u1ec7t, t\u01b0\u01a1ng \u1ee9ng v\u1edbi 12 s\u1ed1, b\u00ean m\u00e9p tr\u00e1i c\u00f3 \u0111\u1ee5c nhi\u1ec1u l\u1ed7 \u0111\u1ec3 c\u00e0i ch\u1ee9ng t\u1eeb theo c\u00e1c m\u00e0u 1 c\u00e1ch d\u1ebf d\u00e0ng, b\u00ean m\u00e9p ph\u1ea3i g\u1ed3m 12 m\u00e0u s\u1eafc \u0111\u1ec3 ph\u00e2n bi\u1ec7t c\u00e1c lo\u1ea1i [&hellip;]<\/p>\n","protected":false},"featured_media":536,"comment_status":"open","ping_status":"closed","template":"","meta":[],"product_brand":[],"product_cat":[78,17],"product_tag":[81],"class_list":{"0":"post-533","1":"product","2":"type-product","3":"status-publish","4":"has-post-thumbnail","6":"product_cat-giay-in-a4","7":"product_cat-giay-van-phong","8":"product_tag-idea","10":"first","11":"instock","12":"shipping-taxable","13":"purchasable","14":"product-type-simple"},"_links":{"self":[{"href":"https:\/\/vpps1.dion.com.vn\/en\/wp-json\/wp\/v2\/product\/533","targetHints":{"allow":["GET"]}}],"collection":[{"href":"https:\/\/vpps1.dion.com.vn\/en\/wp-json\/wp\/v2\/product"}],"about":[{"href":"https:\/\/vpps1.dion.com.vn\/en\/wp-json\/wp\/v2\/types\/product"}],"replies":[{"embeddable":true,"href":"https:\/\/vpps1.dion.com.vn\/en\/wp-json\/wp\/v2\/comments?post=533"}],"wp:featuredmedia":[{"embeddable":true,"href":"https:\/\/vpps1.dion.com.vn\/en\/wp-json\/wp\/v2\/media\/536"}],"wp:attachment":[{"href":"https:\/\/vpps1.dion.com.vn\/en\/wp-json\/wp\/v2\/media?parent=533"}],"wp:term":[{"taxonomy":"product_brand","embeddable":true,"href":"https:\/\/vpps1.dion.com.vn\/en\/wp-json\/wp\/v2\/product_brand?post=533"},{"taxonomy":"product_cat","embeddable":true,"href":"https:\/\/vpps1.dion.com.vn\/en\/wp-json\/wp\/v2\/product_cat?post=533"},{"taxonomy":"product_tag","embeddable":true,"href":"https:\/\/vpps1.dion.com.vn\/en\/wp-json\/wp\/v2\/product_tag?post=533"}],"curies":[{"name":"wp","href":"https:\/\/api.w.org\/{rel}","templated":true}]}}