{"id":607,"date":"2025-12-29T14:06:50","date_gmt":"2025-12-29T14:06:50","guid":{"rendered":"https:\/\/vpps1.dion.com.vn\/?post_type=product&#038;p=607"},"modified":"2025-12-31T08:11:31","modified_gmt":"2025-12-31T08:11:31","slug":"giay-note-3-x-3-pronoti","status":"publish","type":"product","link":"https:\/\/vpps1.dion.com.vn\/en\/sanpham\/giay-note-3-x-3-pronoti\/","title":{"rendered":"Gi\u1ea5y note 3 x 3 Pronoti"},"content":{"rendered":"<p>&#8211; K\u00edch th\u01b0\u1edbc: 7,6 cm x 7,6 cm<\/p>\n<p>&#8211; Ch\u1ea5t l\u01b0\u1ee3ng: gi\u1ea5y \u0111\u1eb9p, m\u1ecbn<\/p>\n<p>&#8211; Keo d\u00ednh b\u1ec1n, ti\u1ec7n l\u1ee3i khi s\u1eed d\u1ee5ng.<\/p>\n<p>&#8211; Kh\u00f4ng b\u1ecb phai m\u00e0u trong th\u1eddi gian d\u00e0i, th\u00f4ng tin l\u01b0u tr\u00ean gi\u1ea5y \u0111\u01b0\u1ee3c l\u00e2u.<\/p>\n<p>&#8211; \u0110\u00f3ng g\u00f3i: 100 t\u1edd\/x\u1ea5p; 12 x\u1ea5p\/l\u1ed1c.<\/p>\n","protected":false},"excerpt":{"rendered":"<p>&#8211; K\u00edch th\u01b0\u1edbc: 7,6 cm x 7,6 cm<\/p>\n<p>&#8211; Ch\u1ea5t l\u01b0\u1ee3ng: gi\u1ea5y \u0111\u1eb9p, m\u1ecbn<\/p>\n<p>&#8211; Keo d\u00ednh b\u1ec1n, ti\u1ec7n l\u1ee3i khi s\u1eed d\u1ee5ng.<\/p>\n<p>&#8211; \u0110\u00f3ng g\u00f3i: 100 t\u1edd\/x\u1ea5p; 12 x\u1ea5p\/l\u1ed1c.<\/p>\n","protected":false},"featured_media":609,"comment_status":"open","ping_status":"closed","template":"","meta":[],"product_brand":[],"product_cat":[90,17],"product_tag":[91],"class_list":{"0":"post-607","1":"product","2":"type-product","3":"status-publish","4":"has-post-thumbnail","6":"product_cat-giay-ghi-chu","7":"product_cat-giay-van-phong","8":"product_tag-oem","10":"first","11":"instock","12":"shipping-taxable","13":"purchasable","14":"product-type-simple"},"_links":{"self":[{"href":"https:\/\/vpps1.dion.com.vn\/en\/wp-json\/wp\/v2\/product\/607","targetHints":{"allow":["GET"]}}],"collection":[{"href":"https:\/\/vpps1.dion.com.vn\/en\/wp-json\/wp\/v2\/product"}],"about":[{"href":"https:\/\/vpps1.dion.com.vn\/en\/wp-json\/wp\/v2\/types\/product"}],"replies":[{"embeddable":true,"href":"https:\/\/vpps1.dion.com.vn\/en\/wp-json\/wp\/v2\/comments?post=607"}],"wp:featuredmedia":[{"embeddable":true,"href":"https:\/\/vpps1.dion.com.vn\/en\/wp-json\/wp\/v2\/media\/609"}],"wp:attachment":[{"href":"https:\/\/vpps1.dion.com.vn\/en\/wp-json\/wp\/v2\/media?parent=607"}],"wp:term":[{"taxonomy":"product_brand","embeddable":true,"href":"https:\/\/vpps1.dion.com.vn\/en\/wp-json\/wp\/v2\/product_brand?post=607"},{"taxonomy":"product_cat","embeddable":true,"href":"https:\/\/vpps1.dion.com.vn\/en\/wp-json\/wp\/v2\/product_cat?post=607"},{"taxonomy":"product_tag","embeddable":true,"href":"https:\/\/vpps1.dion.com.vn\/en\/wp-json\/wp\/v2\/product_tag?post=607"}],"curies":[{"name":"wp","href":"https:\/\/api.w.org\/{rel}","templated":true}]}}