{"id":610,"date":"2025-12-29T14:09:25","date_gmt":"2025-12-29T14:09:25","guid":{"rendered":"https:\/\/vpps1.dion.com.vn\/?post_type=product&#038;p=610"},"modified":"2025-12-29T14:09:37","modified_gmt":"2025-12-29T14:09:37","slug":"giay-note-5-mau-pronoti","status":"publish","type":"product","link":"https:\/\/vpps1.dion.com.vn\/en\/sanpham\/giay-note-5-mau-pronoti\/","title":{"rendered":"Gi\u1ea5y note 5 m\u00e0u Pronoti"},"content":{"rendered":"<p>&#8211; K\u00edch th\u01b0\u1edbc: 1,2 cm x 5 cm<\/p>\n<p>&#8211; M\u00e0u s\u1eafc: 5 m\u00e0u kh\u00e1c nhau gi\u00fap d\u1ec5 d\u00e0ng ph\u00e2n c\u00e1ch n\u1ed9i dung c\u00f4ng vi\u1ec7c.<\/p>\n<p>&#8211; \u0110\u00f3ng g\u00f3i: 100 t\u1edd\/x\u1ea5p.<\/p>\n","protected":false},"excerpt":{"rendered":"<p>&#8211; K\u00edch th\u01b0\u1edbc: 1,2 cm x 5 cm &#8211; M\u00e0u s\u1eafc: 5 m\u00e0u kh\u00e1c nhau gi\u00fap d\u1ec5 d\u00e0ng ph\u00e2n c\u00e1ch n\u1ed9i dung c\u00f4ng vi\u1ec7c. &#8211; \u0110\u00f3ng g\u00f3i: 100 t\u1edd\/x\u1ea5p.<\/p>\n","protected":false},"featured_media":612,"comment_status":"open","ping_status":"closed","template":"","meta":[],"product_brand":[],"product_cat":[17,89],"product_tag":[93],"class_list":{"0":"post-610","1":"product","2":"type-product","3":"status-publish","4":"has-post-thumbnail","6":"nha_cung_cap-pronoti","7":"product_cat-giay-van-phong","8":"product_cat-giay-vi-tinh-lien-tuc","9":"product_tag-pronoti","11":"first","12":"instock","13":"shipping-taxable","14":"purchasable","15":"product-type-simple"},"_links":{"self":[{"href":"https:\/\/vpps1.dion.com.vn\/en\/wp-json\/wp\/v2\/product\/610","targetHints":{"allow":["GET"]}}],"collection":[{"href":"https:\/\/vpps1.dion.com.vn\/en\/wp-json\/wp\/v2\/product"}],"about":[{"href":"https:\/\/vpps1.dion.com.vn\/en\/wp-json\/wp\/v2\/types\/product"}],"replies":[{"embeddable":true,"href":"https:\/\/vpps1.dion.com.vn\/en\/wp-json\/wp\/v2\/comments?post=610"}],"wp:featuredmedia":[{"embeddable":true,"href":"https:\/\/vpps1.dion.com.vn\/en\/wp-json\/wp\/v2\/media\/612"}],"wp:attachment":[{"href":"https:\/\/vpps1.dion.com.vn\/en\/wp-json\/wp\/v2\/media?parent=610"}],"wp:term":[{"taxonomy":"product_brand","embeddable":true,"href":"https:\/\/vpps1.dion.com.vn\/en\/wp-json\/wp\/v2\/product_brand?post=610"},{"taxonomy":"product_cat","embeddable":true,"href":"https:\/\/vpps1.dion.com.vn\/en\/wp-json\/wp\/v2\/product_cat?post=610"},{"taxonomy":"product_tag","embeddable":true,"href":"https:\/\/vpps1.dion.com.vn\/en\/wp-json\/wp\/v2\/product_tag?post=610"}],"curies":[{"name":"wp","href":"https:\/\/api.w.org\/{rel}","templated":true}]}}