{"id":615,"date":"2025-12-29T14:11:54","date_gmt":"2025-12-29T14:11:54","guid":{"rendered":"https:\/\/vpps1.dion.com.vn\/?post_type=product&#038;p=615"},"modified":"2025-12-31T08:12:10","modified_gmt":"2025-12-31T08:12:10","slug":"giay-note-3-x-4-pronoti","status":"publish","type":"product","link":"https:\/\/vpps1.dion.com.vn\/en\/sanpham\/giay-note-3-x-4-pronoti\/","title":{"rendered":"Gi\u1ea5y note 3 x 4 Pronoti"},"content":{"rendered":"<p>&#8211; K\u00edch th\u01b0\u1edbc: 7,6 cm x 10,2 cm<\/p>\n<p>&#8211; M\u00e0u s\u1eafc t\u01b0\u01a1i s\u00e1ng, d\u1ec5 nh\u1eadn bi\u1ebft<\/p>\n<p>&#8211; Ch\u1ea5t keo b\u1ec1n, kh\u00f3 bong tr\u00f3c<\/p>\n<p>&#8211; \u0110\u00f3ng g\u00f3i: 100 t\u1edd\/x\u1ea5p; 12 x\u1ea5p\/l\u1ed1c.<\/p>\n","protected":false},"excerpt":{"rendered":"<p>&#8211; K\u00edch th\u01b0\u1edbc: 7,6 cm x 10,2 cm<\/p>\n<p>&#8211; M\u00e0u s\u1eafc t\u01b0\u01a1i s\u00e1ng, d\u1ec5 nh\u1eadn bi\u1ebft<\/p>\n<p>&#8211; Ch\u1ea5t keo b\u1ec1n, kh\u00f3 bong tr\u00f3c<\/p>\n<p>&#8211; \u0110\u00f3ng g\u00f3i: 100 t\u1edd\/x\u1ea5p; 12 x\u1ea5p\/l\u1ed1c.<\/p>\n","protected":false},"featured_media":617,"comment_status":"open","ping_status":"closed","template":"","meta":[],"product_brand":[],"product_cat":[90,17,89],"product_tag":[93],"class_list":{"0":"post-615","1":"product","2":"type-product","3":"status-publish","4":"has-post-thumbnail","6":"nha_cung_cap-pronoti","7":"product_cat-giay-ghi-chu","8":"product_cat-giay-van-phong","9":"product_cat-giay-vi-tinh-lien-tuc","10":"product_tag-pronoti","12":"first","13":"instock","14":"shipping-taxable","15":"purchasable","16":"product-type-simple"},"_links":{"self":[{"href":"https:\/\/vpps1.dion.com.vn\/en\/wp-json\/wp\/v2\/product\/615","targetHints":{"allow":["GET"]}}],"collection":[{"href":"https:\/\/vpps1.dion.com.vn\/en\/wp-json\/wp\/v2\/product"}],"about":[{"href":"https:\/\/vpps1.dion.com.vn\/en\/wp-json\/wp\/v2\/types\/product"}],"replies":[{"embeddable":true,"href":"https:\/\/vpps1.dion.com.vn\/en\/wp-json\/wp\/v2\/comments?post=615"}],"wp:featuredmedia":[{"embeddable":true,"href":"https:\/\/vpps1.dion.com.vn\/en\/wp-json\/wp\/v2\/media\/617"}],"wp:attachment":[{"href":"https:\/\/vpps1.dion.com.vn\/en\/wp-json\/wp\/v2\/media?parent=615"}],"wp:term":[{"taxonomy":"product_brand","embeddable":true,"href":"https:\/\/vpps1.dion.com.vn\/en\/wp-json\/wp\/v2\/product_brand?post=615"},{"taxonomy":"product_cat","embeddable":true,"href":"https:\/\/vpps1.dion.com.vn\/en\/wp-json\/wp\/v2\/product_cat?post=615"},{"taxonomy":"product_tag","embeddable":true,"href":"https:\/\/vpps1.dion.com.vn\/en\/wp-json\/wp\/v2\/product_tag?post=615"}],"curies":[{"name":"wp","href":"https:\/\/api.w.org\/{rel}","templated":true}]}}