{"id":625,"date":"2025-12-31T08:20:42","date_gmt":"2025-12-31T08:20:42","guid":{"rendered":"https:\/\/vpps1.dion.com.vn\/?post_type=product&#038;p=625"},"modified":"2025-12-31T08:20:42","modified_gmt":"2025-12-31T08:20:42","slug":"giay-note-please-sign-5-mau-pronoti","status":"publish","type":"product","link":"https:\/\/vpps1.dion.com.vn\/en\/sanpham\/giay-note-please-sign-5-mau-pronoti\/","title":{"rendered":"Gi\u1ea5y note Please Sign 5 m\u00e0u Pronoti"},"content":{"rendered":"<p>&#8211; Ch\u1ea5t l\u01b0\u1ee3ng: \u0111\u1eb9p, m\u1ecbn, l\u00e1n. Keo d\u00ednh b\u1ec1n l\u00e2u, d\u1ec5 di d\u1eddi.<\/p>\n<p>&#8211; Tr\u00e1nh xa ngu\u1ed3n nhi\u1ec7t.<\/p>\n<p>&#8211; \u0110\u00f3ng g\u00f3i: 50 t\u1edd\/x\u1ea5p.<\/p>\n","protected":false},"excerpt":{"rendered":"<p>&#8211; Ch\u1ea5t l\u01b0\u1ee3ng: \u0111\u1eb9p, m\u1ecbn, l\u00e1n. Keo d\u00ednh b\u1ec1n l\u00e2u, d\u1ec5 di d\u1eddi. &#8211; Tr\u00e1nh xa ngu\u1ed3n nhi\u1ec7t. &#8211; \u0110\u00f3ng g\u00f3i: 50 t\u1edd\/x\u1ea5p.<\/p>\n","protected":false},"featured_media":628,"comment_status":"open","ping_status":"closed","template":"","meta":[],"product_brand":[],"product_cat":[90,17],"product_tag":[93],"class_list":{"0":"post-625","1":"product","2":"type-product","3":"status-publish","4":"has-post-thumbnail","6":"nha_cung_cap-pronoti","7":"product_cat-giay-ghi-chu","8":"product_cat-giay-van-phong","9":"product_tag-pronoti","11":"first","12":"instock","13":"shipping-taxable","14":"purchasable","15":"product-type-simple"},"_links":{"self":[{"href":"https:\/\/vpps1.dion.com.vn\/en\/wp-json\/wp\/v2\/product\/625","targetHints":{"allow":["GET"]}}],"collection":[{"href":"https:\/\/vpps1.dion.com.vn\/en\/wp-json\/wp\/v2\/product"}],"about":[{"href":"https:\/\/vpps1.dion.com.vn\/en\/wp-json\/wp\/v2\/types\/product"}],"replies":[{"embeddable":true,"href":"https:\/\/vpps1.dion.com.vn\/en\/wp-json\/wp\/v2\/comments?post=625"}],"wp:featuredmedia":[{"embeddable":true,"href":"https:\/\/vpps1.dion.com.vn\/en\/wp-json\/wp\/v2\/media\/628"}],"wp:attachment":[{"href":"https:\/\/vpps1.dion.com.vn\/en\/wp-json\/wp\/v2\/media?parent=625"}],"wp:term":[{"taxonomy":"product_brand","embeddable":true,"href":"https:\/\/vpps1.dion.com.vn\/en\/wp-json\/wp\/v2\/product_brand?post=625"},{"taxonomy":"product_cat","embeddable":true,"href":"https:\/\/vpps1.dion.com.vn\/en\/wp-json\/wp\/v2\/product_cat?post=625"},{"taxonomy":"product_tag","embeddable":true,"href":"https:\/\/vpps1.dion.com.vn\/en\/wp-json\/wp\/v2\/product_tag?post=625"}],"curies":[{"name":"wp","href":"https:\/\/api.w.org\/{rel}","templated":true}]}}