{"id":629,"date":"2025-12-31T08:22:14","date_gmt":"2025-12-31T08:22:14","guid":{"rendered":"https:\/\/vpps1.dion.com.vn\/?post_type=product&#038;p=629"},"modified":"2025-12-31T08:22:14","modified_gmt":"2025-12-31T08:22:14","slug":"giay-note-5-mau-mui-ten-3m-688","status":"publish","type":"product","link":"https:\/\/vpps1.dion.com.vn\/en\/sanpham\/giay-note-5-mau-mui-ten-3m-688\/","title":{"rendered":"Gi\u1ea5y note 5 m\u00e0u m\u0169i t\u00ean 3M 688"},"content":{"rendered":"<p>&#8211; K\u00edch th\u01b0\u1edbc: 1,1 cm x 4.3 cm<\/p>\n<p>&#8211; Ph\u00e2n lo\u1ea1i v\u00e0 qu\u1ea3n l\u00fd hi\u1ec7u qu\u1ea3<\/p>\n<p>&#8211; M\u00e0u s\u1eafc: g\u1ed3m 5 m\u00e0u kh\u00e1c nhau<\/p>\n<p>&#8211; Keo d\u00ednh t\u1ed1t c\u00f3 th\u1ec3 d\u00f9ng d\u00e1n nhi\u1ec1u l\u1ea7n<\/p>\n<p>&#8211; \u0110\u00f3ng g\u00f3i: 20 t\u1edd\/m\u00e0u; 5 m\u00e0u\/x\u1ea5p<\/p>\n","protected":false},"excerpt":{"rendered":"<p>&#8211; K\u00edch th\u01b0\u1edbc: 1,1 cm x 4.3 cm &#8211; Ph\u00e2n lo\u1ea1i v\u00e0 qu\u1ea3n l\u00fd hi\u1ec7u qu\u1ea3 &#8211; M\u00e0u s\u1eafc: g\u1ed3m 5 m\u00e0u kh\u00e1c nhau &#8211; Keo d\u00ednh t\u1ed1t c\u00f3 th\u1ec3 d\u00f9ng d\u00e1n nhi\u1ec1u l\u1ea7n &#8211; \u0110\u00f3ng g\u00f3i: 20 t\u1edd\/m\u00e0u; 5 m\u00e0u\/x\u1ea5p<\/p>\n","protected":false},"featured_media":631,"comment_status":"open","ping_status":"closed","template":"","meta":[],"product_brand":[],"product_cat":[90,17],"product_tag":[95],"class_list":{"0":"post-629","1":"product","2":"type-product","3":"status-publish","4":"has-post-thumbnail","6":"nha_cung_cap-3m","7":"product_cat-giay-ghi-chu","8":"product_cat-giay-van-phong","9":"product_tag-3m","11":"first","12":"instock","13":"shipping-taxable","14":"product-type-simple"},"_links":{"self":[{"href":"https:\/\/vpps1.dion.com.vn\/en\/wp-json\/wp\/v2\/product\/629","targetHints":{"allow":["GET"]}}],"collection":[{"href":"https:\/\/vpps1.dion.com.vn\/en\/wp-json\/wp\/v2\/product"}],"about":[{"href":"https:\/\/vpps1.dion.com.vn\/en\/wp-json\/wp\/v2\/types\/product"}],"replies":[{"embeddable":true,"href":"https:\/\/vpps1.dion.com.vn\/en\/wp-json\/wp\/v2\/comments?post=629"}],"wp:featuredmedia":[{"embeddable":true,"href":"https:\/\/vpps1.dion.com.vn\/en\/wp-json\/wp\/v2\/media\/631"}],"wp:attachment":[{"href":"https:\/\/vpps1.dion.com.vn\/en\/wp-json\/wp\/v2\/media?parent=629"}],"wp:term":[{"taxonomy":"product_brand","embeddable":true,"href":"https:\/\/vpps1.dion.com.vn\/en\/wp-json\/wp\/v2\/product_brand?post=629"},{"taxonomy":"product_cat","embeddable":true,"href":"https:\/\/vpps1.dion.com.vn\/en\/wp-json\/wp\/v2\/product_cat?post=629"},{"taxonomy":"product_tag","embeddable":true,"href":"https:\/\/vpps1.dion.com.vn\/en\/wp-json\/wp\/v2\/product_tag?post=629"}],"curies":[{"name":"wp","href":"https:\/\/api.w.org\/{rel}","templated":true}]}}