{"id":632,"date":"2025-12-31T08:23:42","date_gmt":"2025-12-31T08:23:42","guid":{"rendered":"https:\/\/vpps1.dion.com.vn\/?post_type=product&#038;p=632"},"modified":"2025-12-31T08:23:42","modified_gmt":"2025-12-31T08:23:42","slug":"giay-note-5-mau-mui-ten-pronoti","status":"publish","type":"product","link":"https:\/\/vpps1.dion.com.vn\/en\/sanpham\/giay-note-5-mau-mui-ten-pronoti\/","title":{"rendered":"Gi\u1ea5y note 5 m\u00e0u m\u0169i t\u00ean Pronoti"},"content":{"rendered":"<p>&#8211; K\u00edch th\u01b0\u1edbc: 1,2 cm x 4,5 cm<\/p>\n<p>&#8211; Gi\u1ea5y note g\u1ed3m 5 m\u00e0u t\u01b0\u01a1i s\u00e1ng, m\u1ed7i m\u00e0u 20 t\u1edd<\/p>\n<p>&#8211; Ti\u1ec7n d\u1ee5ng, keo ch\u1eafc ch\u1eafn.<\/p>\n<p>&#8211; \u0110\u00f3ng g\u00f3i: 100 t\u1edd\/x\u1ea5p.<\/p>\n","protected":false},"excerpt":{"rendered":"<p>&#8211; K\u00edch th\u01b0\u1edbc: 1,2 cm x 4,5 cm &#8211; Gi\u1ea5y note g\u1ed3m 5 m\u00e0u t\u01b0\u01a1i s\u00e1ng, m\u1ed7i m\u00e0u 20 t\u1edd &#8211; Ti\u1ec7n d\u1ee5ng, keo ch\u1eafc ch\u1eafn. &#8211; \u0110\u00f3ng g\u00f3i: 100 t\u1edd\/x\u1ea5p.<\/p>\n","protected":false},"featured_media":634,"comment_status":"open","ping_status":"closed","template":"","meta":[],"product_brand":[],"product_cat":[90,17],"product_tag":[93],"class_list":{"0":"post-632","1":"product","2":"type-product","3":"status-publish","4":"has-post-thumbnail","6":"nha_cung_cap-pronoti","7":"product_cat-giay-ghi-chu","8":"product_cat-giay-van-phong","9":"product_tag-pronoti","11":"first","12":"instock","13":"shipping-taxable","14":"purchasable","15":"product-type-simple"},"_links":{"self":[{"href":"https:\/\/vpps1.dion.com.vn\/en\/wp-json\/wp\/v2\/product\/632","targetHints":{"allow":["GET"]}}],"collection":[{"href":"https:\/\/vpps1.dion.com.vn\/en\/wp-json\/wp\/v2\/product"}],"about":[{"href":"https:\/\/vpps1.dion.com.vn\/en\/wp-json\/wp\/v2\/types\/product"}],"replies":[{"embeddable":true,"href":"https:\/\/vpps1.dion.com.vn\/en\/wp-json\/wp\/v2\/comments?post=632"}],"wp:featuredmedia":[{"embeddable":true,"href":"https:\/\/vpps1.dion.com.vn\/en\/wp-json\/wp\/v2\/media\/634"}],"wp:attachment":[{"href":"https:\/\/vpps1.dion.com.vn\/en\/wp-json\/wp\/v2\/media?parent=632"}],"wp:term":[{"taxonomy":"product_brand","embeddable":true,"href":"https:\/\/vpps1.dion.com.vn\/en\/wp-json\/wp\/v2\/product_brand?post=632"},{"taxonomy":"product_cat","embeddable":true,"href":"https:\/\/vpps1.dion.com.vn\/en\/wp-json\/wp\/v2\/product_cat?post=632"},{"taxonomy":"product_tag","embeddable":true,"href":"https:\/\/vpps1.dion.com.vn\/en\/wp-json\/wp\/v2\/product_tag?post=632"}],"curies":[{"name":"wp","href":"https:\/\/api.w.org\/{rel}","templated":true}]}}