{"id":635,"date":"2025-12-31T08:24:40","date_gmt":"2025-12-31T08:24:40","guid":{"rendered":"https:\/\/vpps1.dion.com.vn\/?post_type=product&#038;p=635"},"modified":"2025-12-31T08:24:40","modified_gmt":"2025-12-31T08:24:40","slug":"giay-note-3-x-3-unc","status":"publish","type":"product","link":"https:\/\/vpps1.dion.com.vn\/en\/sanpham\/giay-note-3-x-3-unc\/","title":{"rendered":"Gi\u1ea5y note 3 x 3 Unc"},"content":{"rendered":"<p>&#8211; K\u00edch th\u01b0\u1edbc: 7,6 cm x 7,6 cm<\/p>\n<p>&#8211; M\u00e0u s\u1eafc: V\u00e0ng<\/p>\n<p>&#8211; \u0110\u00f3ng g\u00f3i: 100 t\u1edd\/x\u1ea5p; 12 x\u1ea5p\/l\u1ed1c.<\/p>\n","protected":false},"excerpt":{"rendered":"<p class=\"qtranxs-available-languages-message qtranxs-available-languages-message-en\">Sorry, this entry is only available in <a href=\"https:\/\/vpps1.dion.com.vn\/vi\/wp-json\/wp\/v2\/product\/635\" class=\"qtranxs-available-language-link qtranxs-available-language-link-vi\" title=\"Ti\u1ebfng Vi\u1ec7t\">Ti\u1ebfng Vi\u1ec7t<\/a>.<\/p>\n","protected":false},"featured_media":636,"comment_status":"open","ping_status":"closed","template":"","meta":[],"product_brand":[],"product_cat":[90,17],"product_tag":[91],"class_list":{"0":"post-635","1":"product","2":"type-product","3":"status-publish","4":"has-post-thumbnail","6":"nha_cung_cap-oem","7":"product_cat-giay-ghi-chu","8":"product_cat-giay-van-phong","9":"product_tag-oem","11":"first","12":"instock","13":"shipping-taxable","14":"product-type-simple"},"_links":{"self":[{"href":"https:\/\/vpps1.dion.com.vn\/en\/wp-json\/wp\/v2\/product\/635","targetHints":{"allow":["GET"]}}],"collection":[{"href":"https:\/\/vpps1.dion.com.vn\/en\/wp-json\/wp\/v2\/product"}],"about":[{"href":"https:\/\/vpps1.dion.com.vn\/en\/wp-json\/wp\/v2\/types\/product"}],"replies":[{"embeddable":true,"href":"https:\/\/vpps1.dion.com.vn\/en\/wp-json\/wp\/v2\/comments?post=635"}],"wp:featuredmedia":[{"embeddable":true,"href":"https:\/\/vpps1.dion.com.vn\/en\/wp-json\/wp\/v2\/media\/636"}],"wp:attachment":[{"href":"https:\/\/vpps1.dion.com.vn\/en\/wp-json\/wp\/v2\/media?parent=635"}],"wp:term":[{"taxonomy":"product_brand","embeddable":true,"href":"https:\/\/vpps1.dion.com.vn\/en\/wp-json\/wp\/v2\/product_brand?post=635"},{"taxonomy":"product_cat","embeddable":true,"href":"https:\/\/vpps1.dion.com.vn\/en\/wp-json\/wp\/v2\/product_cat?post=635"},{"taxonomy":"product_tag","embeddable":true,"href":"https:\/\/vpps1.dion.com.vn\/en\/wp-json\/wp\/v2\/product_tag?post=635"}],"curies":[{"name":"wp","href":"https:\/\/api.w.org\/{rel}","templated":true}]}}