{"id":640,"date":"2025-12-31T08:28:33","date_gmt":"2025-12-31T08:28:33","guid":{"rendered":"https:\/\/vpps1.dion.com.vn\/?post_type=product&#038;p=640"},"modified":"2025-12-31T08:28:33","modified_gmt":"2025-12-31T08:28:33","slug":"giay-note-4-mau-suremark-sq6670","status":"publish","type":"product","link":"https:\/\/vpps1.dion.com.vn\/en\/sanpham\/giay-note-4-mau-suremark-sq6670\/","title":{"rendered":"Gi\u1ea5y note 4 m\u00e0u SureMark SQ6670"},"content":{"rendered":"<p>&#8211; K\u00edch th\u01b0\u1edbc: 2 cm x 5 cm<\/p>\n<p>&#8211; M\u00e0u s\u1eafc: m\u00e0u s\u1eafc \u0111\u1eadm, b\u1eaft m\u1eaft, d\u1ec5 d\u00e0ng d\u00e1n l\u00ean m\u1ecdi b\u1ec1 m\u1eb7t.<\/p>\n<p>&#8211; B\u1ec1 m\u1eb7t gi\u1ea5y c\u00f3 ch\u1ea5t keo b\u00e1m m\u1ef1c t\u1ed1t, th\u00f4ng tin \u0111\u01b0\u1ee3c ghi l\u00ean d\u1ec5 d\u00e0ng.<\/p>\n<p>&#8211; Kh\u00f4ng b\u1ecb phai m\u00e0u trong th\u1eddi gian d\u00e0i, th\u00f4ng tin tr\u00ean gi\u1ea5y \u0111\u01b0\u1ee3c l\u01b0u gi\u1eef l\u00e2u.<br \/>\n&#8211; \u0110\u00f3ng g\u00f3i: 50 t\u1edd\/ x\u1ea5p.<\/p>\n","protected":false},"excerpt":{"rendered":"<p class=\"qtranxs-available-languages-message qtranxs-available-languages-message-en\">Sorry, this entry is only available in <a href=\"https:\/\/vpps1.dion.com.vn\/vi\/wp-json\/wp\/v2\/product\/640\" class=\"qtranxs-available-language-link qtranxs-available-language-link-vi\" title=\"Ti\u1ebfng Vi\u1ec7t\">Ti\u1ebfng Vi\u1ec7t<\/a>.<\/p>\n","protected":false},"featured_media":641,"comment_status":"open","ping_status":"closed","template":"","meta":[],"product_brand":[],"product_cat":[90,17],"product_tag":[97],"class_list":{"0":"post-640","1":"product","2":"type-product","3":"status-publish","4":"has-post-thumbnail","6":"nha_cung_cap-suremark","7":"product_cat-giay-ghi-chu","8":"product_cat-giay-van-phong","9":"product_tag-suremark","11":"first","12":"instock","13":"shipping-taxable","14":"purchasable","15":"product-type-simple"},"_links":{"self":[{"href":"https:\/\/vpps1.dion.com.vn\/en\/wp-json\/wp\/v2\/product\/640","targetHints":{"allow":["GET"]}}],"collection":[{"href":"https:\/\/vpps1.dion.com.vn\/en\/wp-json\/wp\/v2\/product"}],"about":[{"href":"https:\/\/vpps1.dion.com.vn\/en\/wp-json\/wp\/v2\/types\/product"}],"replies":[{"embeddable":true,"href":"https:\/\/vpps1.dion.com.vn\/en\/wp-json\/wp\/v2\/comments?post=640"}],"wp:featuredmedia":[{"embeddable":true,"href":"https:\/\/vpps1.dion.com.vn\/en\/wp-json\/wp\/v2\/media\/641"}],"wp:attachment":[{"href":"https:\/\/vpps1.dion.com.vn\/en\/wp-json\/wp\/v2\/media?parent=640"}],"wp:term":[{"taxonomy":"product_brand","embeddable":true,"href":"https:\/\/vpps1.dion.com.vn\/en\/wp-json\/wp\/v2\/product_brand?post=640"},{"taxonomy":"product_cat","embeddable":true,"href":"https:\/\/vpps1.dion.com.vn\/en\/wp-json\/wp\/v2\/product_cat?post=640"},{"taxonomy":"product_tag","embeddable":true,"href":"https:\/\/vpps1.dion.com.vn\/en\/wp-json\/wp\/v2\/product_tag?post=640"}],"curies":[{"name":"wp","href":"https:\/\/api.w.org\/{rel}","templated":true}]}}